{"id":115,"date":"2018-03-30T10:54:08","date_gmt":"2018-03-30T10:54:08","guid":{"rendered":"http:\/\/www.autojawaklub.cz\/?page_id=115"},"modified":"2018-03-30T10:54:48","modified_gmt":"2018-03-30T10:54:48","slug":"prehled-modelu-automobilu-jawa","status":"publish","type":"page","link":"https:\/\/www.autojawaklub.cz\/index.php\/prehled-modelu-automobilu-jawa\/","title":{"rendered":"P\u0159ehled  model\u016f automobil\u016f Jawa."},"content":{"rendered":"<p><strong>Luxusn\u00ed \u010dty\u0159m\u00edstn\u00fd kabriolet Jawa Minor 600 s\u00a0karoseri\u00ed\u00a0 \u201eSodomka\u201c<\/strong><\/p>\n<p>Z\u00a0dochovan\u00fdch z\u00e1znam\u016f je z\u0159ejm\u00e9, \u017ee firmou Sodomka ve Vysok\u00e9m M\u00fdt\u011b bylo vyrobeno celkem 25 a\u017e 26 ks t\u011bchto karos\u00e9ri\u00ed.\u00a0\u00a0 Tato firma byla zn\u00e1ma svoj\u00ed karos\u00e1\u0159skou prac\u00ed ji\u017e na cel\u00e9m sv\u011bt\u011b. Dominantou byly karos\u00e9rie s dynamicky\u00a0prodlou\u017eenou zadn\u00ed \u010d\u00e1st\u00ed automobilu p\u0159edev\u0161\u00edm doutn\u00edkov\u00e9ho tvaru. V\u00a0p\u0159\u00edpad\u011b Jawy Minor \u00a0\u201eSodomka\u201c se od tov\u00e1rn\u011b vyr\u00e1b\u011bn\u00e9ho kabrioletu li\u0161ila v\u00a0mnoha znac\u00edch. Motorov\u00e1 \u010d\u00e1st, p\u0159evodovka, elektrick\u00e9 vybaven\u00ed i sou\u010d\u00e1sti n\u00e1prav jsou tov\u00e1rn\u00edho proveden\u00ed bez v\u00fdrazn\u00fdch zm\u011bn. Na v\u00fdrobu byl pou\u017eit origin\u00e1ln\u00ed r\u00e1m, kter\u00fd byl v\u00a0zadn\u00ed \u010d\u00e1sti prodlou\u017een. P\u0159edn\u00ed \u010d\u00e1st vozidla jako jsou blatn\u00edky , p\u0159edn\u00ed podb\u011bhy, maska a kapota jsou d\u00edly identick\u00e9 s\u00a0tov\u00e1rn\u00ed v\u00fdrobou.\u00a0 Zm\u011bna karoserie po\u010d\u00edn\u00e1 r\u00e1mem \u010deln\u00edho okna, ve kter\u00e9m je namontov\u00e1no v\u011bt\u0161\u00ed \u010deln\u00ed sklo. N\u00e1sleduj\u00ed masivn\u00ed dve\u0159e, ve kter\u00fdch je namontov\u00e1no stahov\u00e1n\u00ed bo\u010dn\u00edch oken, kter\u00e9 ji\u017e nejsou vyj\u00edmateln\u00e9. Zvl\u00e1\u0161tn\u00ed je i specifick\u00fd z\u00e1mek dve\u0159\u00ed s\u00a0uzamykatelnou klikou p\u0159i jej\u00edm zvednut\u00edm uvnit\u0159 vozidla.\u00a0 Zadn\u00ed \u010d\u00e1st vozidla je prota\u017eena do aerodynamick\u00e9ho tvaru. Rozd\u00edlem je tak\u00e9 ulo\u017een\u00ed n\u00e1hradn\u00edho kola, kter\u00e9 nen\u00ed ulo\u017eeno v\u00a0zavazadlov\u00e9m prostoru, ale toto je p\u0159ipevn\u011bno na z\u00e1di vozidla. Tato konstrukce zaji\u0161\u0165uje pom\u011brn\u011b velk\u00fd zavazadlov\u00fd prostor p\u0159\u00edstupn\u00fd z\u00a0vnit\u0159ku vozidla. \u00a0Naprosto\u00a0 specifick\u00fd je mechanismus konstrukce stahov\u00e1n\u00ed st\u0159echy. N\u016f\u017ekov\u00fd mechanismus, kter\u00fd natahuje st\u0159echu je dominantou\u00a0 Sodomkov\u00fdch kabriolet\u016f. St\u0159echa je masivn\u00ed dvojvrstv\u00e1, tvo\u0159en\u00e1 horn\u00ed st\u0159echovic\u00ed a z\u00a0vnit\u0159n\u00ed \u010d\u00e1sti vozidla je l\u00e1tkov\u00e9 \u010daloun\u011bn\u00ed st\u0159echy. Na p\u0159\u00e1n\u00ed byl u n\u011bkter\u00fdch vozidel na st\u0159echovici namontov\u00e1n stahovac\u00ed popruh. Mezi\u00a0 vrstvami st\u0159ech jsou pod\u00e9ln\u011b ulo\u017een\u00e9 matracov\u00e9 v\u00fdpln\u011b napln\u011bn\u00e9 ko\u0148sk\u00fdmi \u017e\u00edn\u011bmi.\u00a0 Tyto zaji\u0161\u0165ovaly skl\u00e1d\u00e1n\u00ed st\u0159echy tak, aby se st\u0159echa \u0159\u00e1dn\u011b vrstvila ve vln\u00e1ch na sebe. Kabriolety byly vyr\u00e1b\u011bny s\u00a0pru\u017einov\u00fdmi sedadly s\u00a0celoko\u017een\u00fdm \u010daloun\u011bn\u00edm. P\u0159\u00edstrojov\u00e1 deska vozu byla v celoplo\u0161n\u00e9m proveden\u00ed pod \u010deln\u00edmn sklem a s\u00a0velk\u00fdm tachometrem, kter\u00fd ve spodn\u00ed \u010d\u00e1sti byl opat\u0159en hodinami.\u00a0 Vozidla byla vyrobena v\u00a0barv\u011b \u010dern\u00e9 (7x),\u00a0 modrozelen\u00e1 (7x) metal\u00edza\u00a0 (7x) modr\u00e1 (2x) a po jednom vozidla v\u00a0barv\u011b k\u00e1vov\u00e9, v\u00ednov\u00e9 a \u0161ed\u00e9.\u00a0 Nev\u00fdhodou\u00a0 robustn\u00ed karoserie je jej\u00ed \u00a0v\u011bt\u0161\u00ed hmotnost\u00a0 (pohotovostn\u00ed 700 kg), kter\u00e1 vzhledem k\u00a0mal\u00e9 kubatu\u0159e motoru je poznat na dynamick\u00fdch vlastnostech vozidla. \u00a0Vzhledem k\u00a0tomu, \u017ee se nejednalo o s\u00e9riovou v\u00fdrobu, tak se ka\u017ed\u00e1 vyroben\u00e1 karoserie\u00a0 v\u00a0drobn\u00fdch detailech li\u0161ila a tak tvo\u0159ila samostatn\u00fd origin\u00e1l. Mezi z\u00e1kazn\u00edky a u\u017eivatele tohoto automobilu pat\u0159il tak\u00e9 \u0159editel tov\u00e1rny Jawa pan JUDr. Jaroslav Frei a nebo cestovatel a spisovatel Alan Forejt.<\/p>\n<p>Technick\u00e9 \u00fadaje:<\/p>\n<p>obsah motoru\u00a0\u00a0\u00a0\u00a0\u00a0\u00a0 615,75ccm<\/p>\n<p>po\u010det v\u00e1lc\u016f\u00a0\u00a0\u00a0\u00a0\u00a0\u00a0\u00a0\u00a0\u00a0\u00a0\u00a0 2\u00a0\u00a0\u00a0\u00a0\u00a0\u00a0\u00a0\u00a0\u00a0\u00a0\u00a0\u00a0\u00a0\u00a0\u00a0\u00a0\u00a0\u00a0\u00a0\u00a0\u00a0\u00a0\u00a0\u00a0\u00a0\u00a0\u00a0\u00a0\u00a0\u00a0\u00a0\u00a0\u00a0\u00a0\u00a0\u00a0\u00a0\u00a0\u00a0\u00a0\u00a0\u00a0\u00a0\u00a0\u00a0\u00a0\u00a0\u00a0\u00a0\u00a0\u00a0\u00a0\u00a0 m\u00edsta k\u00a0sezen\u00ed\u00a0\u00a0\u00a0\u00a0\u00a0\u00a0\u00a0 4<\/p>\n<p>r\u00e1fek\u00a0\u00a0\u00a0\u00a0\u00a0\u00a0\u00a0\u00a0\u00a0\u00a0\u00a0\u00a0\u00a0\u00a0\u00a0\u00a0\u00a0\u00a0\u00a0\u00a0\u00a0 3.00Dx16<\/p>\n<p>pohotovost\u00ed v\u00e1ha\u00a0\u00a0 700kg\u00a0\u00a0\u00a0\u00a0\u00a0\u00a0\u00a0 dovolen\u00e9 zat\u00ed\u017een\u00ed\u00a0\u00a0 350 kg\u00a0\u00a0\u00a0\u00a0\u00a0 celkov\u00e1 hmotnost\u00a0 1052 kg<img loading=\"lazy\" decoding=\"async\" class=\"alignnone size-thumbnail wp-image-116\" src=\"http:\/\/www.autojawaklub.cz\/wp-content\/uploads\/2018\/03\/A02-2002-150x150.jpg\" alt=\"\" width=\"150\" height=\"150\" \/><\/p>\n<p>&nbsp;<\/p>\n","protected":false},"excerpt":{"rendered":"<p>Luxusn\u00ed \u010dty\u0159m\u00edstn\u00fd kabriolet Jawa Minor 600 s\u00a0karoseri\u00ed\u00a0 \u201eSodomka\u201c Z\u00a0dochovan\u00fdch z\u00e1znam\u016f je z\u0159ejm\u00e9, \u017ee firmou Sodomka ve Vysok\u00e9m M\u00fdt\u011b bylo vyrobeno celkem 25 a\u017e 26 ks t\u011bchto karos\u00e9ri\u00ed.\u00a0\u00a0 Tato firma byla zn\u00e1ma svoj\u00ed karos\u00e1\u0159skou prac\u00ed ji\u017e na cel\u00e9m sv\u011bt\u011b. Dominantou byly karos\u00e9rie s dynamicky\u00a0prodlou\u017eenou zadn\u00ed \u010d\u00e1st\u00ed automobilu p\u0159edev\u0161\u00edm doutn\u00edkov\u00e9ho tvaru. V\u00a0p\u0159\u00edpad\u011b Jawy Minor \u00a0\u201eSodomka\u201c se od &hellip; <a href=\"https:\/\/www.autojawaklub.cz\/index.php\/prehled-modelu-automobilu-jawa\/\" class=\"more-link\">Pokra\u010dovat ve \u010dten\u00ed<span class=\"screen-reader-text\"> &#8222;P\u0159ehled  model\u016f automobil\u016f Jawa.&#8220;<\/span><\/a><\/p>\n","protected":false},"author":1,"featured_media":0,"parent":0,"menu_order":0,"comment_status":"closed","ping_status":"closed","template":"","meta":{"ngg_post_thumbnail":0,"footnotes":""},"class_list":["post-115","page","type-page","status-publish","hentry"],"_links":{"self":[{"href":"https:\/\/www.autojawaklub.cz\/index.php\/wp-json\/wp\/v2\/pages\/115","targetHints":{"allow":["GET"]}}],"collection":[{"href":"https:\/\/www.autojawaklub.cz\/index.php\/wp-json\/wp\/v2\/pages"}],"about":[{"href":"https:\/\/www.autojawaklub.cz\/index.php\/wp-json\/wp\/v2\/types\/page"}],"author":[{"embeddable":true,"href":"https:\/\/www.autojawaklub.cz\/index.php\/wp-json\/wp\/v2\/users\/1"}],"replies":[{"embeddable":true,"href":"https:\/\/www.autojawaklub.cz\/index.php\/wp-json\/wp\/v2\/comments?post=115"}],"version-history":[{"count":2,"href":"https:\/\/www.autojawaklub.cz\/index.php\/wp-json\/wp\/v2\/pages\/115\/revisions"}],"predecessor-version":[{"id":119,"href":"https:\/\/www.autojawaklub.cz\/index.php\/wp-json\/wp\/v2\/pages\/115\/revisions\/119"}],"wp:attachment":[{"href":"https:\/\/www.autojawaklub.cz\/index.php\/wp-json\/wp\/v2\/media?parent=115"}],"curies":[{"name":"wp","href":"https:\/\/api.w.org\/{rel}","templated":true}]}}